{"id":471,"date":"2021-08-30T09:41:02","date_gmt":"2021-08-30T07:41:02","guid":{"rendered":"http:\/\/loopstore.eu\/rozwiazania-komercyjne\/?page_id=471"},"modified":"2023-07-24T10:59:00","modified_gmt":"2023-07-24T08:59:00","slug":"kontakt","status":"publish","type":"page","link":"https:\/\/loopstore.eu\/self-service\/kontakt\/","title":{"rendered":"Kontakt"},"content":{"rendered":"<p>[et_pb_section fb_built=&#8221;1&#8243; module_class=&#8221;parahacks1&#8243; _builder_version=&#8221;4.16&#8243; _module_preset=&#8221;default&#8221; background_enable_color=&#8221;off&#8221; use_background_color_gradient=&#8221;on&#8221; background_color_gradient_stops=&#8221;#303030 0%|#f7f7f7 100%&#8221; background_color_gradient_start=&#8221;#303030&#8243; background_color_gradient_end=&#8221;#f7f7f7&#8243; background_enable_image=&#8221;off&#8221; parallax=&#8221;on&#8221; parallax_method=&#8221;off&#8221; min_height_tablet=&#8221;&#8221; min_height_phone=&#8221;&#8221; min_height_last_edited=&#8221;on|phone&#8221; height_last_edited=&#8221;off|desktop&#8221; custom_margin=&#8221;-1px|0px|0px|0px|false|false&#8221; custom_padding=&#8221;0px|0px|0px|0px|false|false&#8221; background_last_edited=&#8221;off|desktop&#8221; background_enable_image_phone=&#8221;off&#8221; locked=&#8221;off&#8221; global_colors_info=&#8221;{}&#8221; min_height__hover_enabled=&#8221;off|desktop&#8221;][et_pb_row make_equal=&#8221;on&#8221; _builder_version=&#8221;4.16&#8243; _module_preset=&#8221;default&#8221; width=&#8221;100%&#8221; max_width=&#8221;2560px&#8221; module_alignment=&#8221;center&#8221; min_height_last_edited=&#8221;off|desktop&#8221; height_last_edited=&#8221;off|desktop&#8221; custom_margin=&#8221;0px|0px|0px|0px|false|false&#8221; custom_padding=&#8221;40px|10%|40px|10%|false|false&#8221; background_color_gradient_direction_phone=&#8221;135deg&#8221; module_alignment_tablet=&#8221;center&#8221; module_alignment_last_edited=&#8221;off|desktop&#8221; global_colors_info=&#8221;{}&#8221;][et_pb_column type=&#8221;4_4&#8243; _builder_version=&#8221;4.16&#8243; _module_preset=&#8221;default&#8221; global_colors_info=&#8221;{}&#8221;][et_pb_text _builder_version=&#8221;4.16&#8243; _module_preset=&#8221;default&#8221; text_text_color=&#8221;#303030&#8243; header_font=&#8221;|300|||||||&#8221; header_text_color=&#8221;#44CF6C&#8221; header_font_size=&#8221;3em&#8221; header_2_font=&#8221;|300||on|||||&#8221; header_2_text_align=&#8221;left&#8221; header_2_text_color=&#8221;#FACA30&#8243; header_2_font_size=&#8221;3em&#8221; custom_margin=&#8221;0px|0px|0px|0px|false|false&#8221; custom_padding=&#8221;0px|0px|0px|0px|false|false&#8221; header_text_align_tablet=&#8221;center&#8221; header_text_align_phone=&#8221;center&#8221; header_text_align_last_edited=&#8221;on|tablet&#8221; header_font_size_tablet=&#8221;&#8221; header_font_size_phone=&#8221;2em&#8221; header_font_size_last_edited=&#8221;on|phone&#8221; header_2_font_size_tablet=&#8221;&#8221; header_2_font_size_phone=&#8221;2em&#8221; header_2_font_size_last_edited=&#8221;on|desktop&#8221; global_colors_info=&#8221;{}&#8221; header_2_2_font_size_phone=&#8221;2em&#8221; header_3_2_font_size_phone=&#8221;2em&#8221; header_4_2_font_size_phone=&#8221;2em&#8221; header_5_2_font_size_phone=&#8221;2em&#8221; header_6_2_font_size_phone=&#8221;2em&#8221; header_2_2_font_size_last_edited=&#8221;on|phone&#8221; header_3_2_font_size_last_edited=&#8221;on|phone&#8221; header_4_2_font_size_last_edited=&#8221;on|phone&#8221; header_5_2_font_size_last_edited=&#8221;on|phone&#8221; header_6_2_font_size_last_edited=&#8221;on|phone&#8221;]<\/p>\n<h1>B\u0104D\u0179MY W <b>KONTAKCIE<\/b><\/h1>\n<p>[\/et_pb_text][\/et_pb_column][\/et_pb_row][et_pb_row column_structure=&#8221;3_5,2_5&#8243; make_equal=&#8221;on&#8221; _builder_version=&#8221;4.16&#8243; _module_preset=&#8221;default&#8221; background_enable_color=&#8221;off&#8221; background_color_gradient_direction=&#8221;-45deg&#8221; background_image=&#8221;https:\/\/loopstore.eu\/self-service\/wp-content\/uploads\/sites\/2\/2021\/12\/Loopstore-Kontakt-1.png&#8221; background_size=&#8221;contain&#8221; background_position=&#8221;bottom_left&#8221; width=&#8221;100%&#8221; max_width=&#8221;2560px&#8221; module_alignment=&#8221;center&#8221; min_height=&#8221;80vh&#8221; min_height_tablet=&#8221;&#8221; min_height_phone=&#8221;&#8221; min_height_last_edited=&#8221;on|desktop&#8221; height_tablet=&#8221;&#8221; height_phone=&#8221;&#8221; height_last_edited=&#8221;on|desktop&#8221; custom_margin=&#8221;0px|0px|0px|0px|false|false&#8221; custom_padding=&#8221;20px|10%|20px|10%|false|false&#8221; hover_enabled=&#8221;0&#8243; background_last_edited=&#8221;on|tablet&#8221; use_background_color_gradient_phone=&#8221;off&#8221; background_color_gradient_direction_phone=&#8221;180deg&#8221; background_color_gradient_stops_phone=&#8221;#2b87da 0%|#ffffff 75%&#8221; background_color_gradient_start_position_phone=&#8221;0%&#8221; background_color_gradient_end_phone=&#8221;#ffffff&#8221; background_color_gradient_end_position_phone=&#8221;75%&#8221; background_enable_image_tablet=&#8221;off&#8221; module_alignment_tablet=&#8221;center&#8221; module_alignment_last_edited=&#8221;off|desktop&#8221; custom_css_main_element=&#8221;ALIGN-ITEMS:CENTER;&#8221; global_colors_info=&#8221;{}&#8221; sticky_enabled=&#8221;0&#8243;][et_pb_column type=&#8221;3_5&#8243; _builder_version=&#8221;4.16&#8243; _module_preset=&#8221;default&#8221; global_colors_info=&#8221;{}&#8221;][et_pb_text content_tablet=&#8221;<\/p>\n<p>LOOP STORE SP. Z O.O.<\/p>\n<p>ul. Obroki 130,40-833 Katowice<\/p>\n<p>info@loopstore.eu<\/p>\n<p>+48 793 717 188<\/p>\n<p>&#8221; content_phone=&#8221;<\/p>\n<p>LOOP STORE SP. Z O.O. ,<\/p>\n<p>ul. Obroki 130,40-833 Katowice<\/p>\n<p>info@loopstore.eu<\/p>\n<p>+48 793 717 188<\/p>\n<\/p>\n<p>&#8221; content_last_edited=&#8221;on|tablet&#8221; _builder_version=&#8221;4.16&#8243; _module_preset=&#8221;default&#8221; text_font=&#8221;|300|||||||&#8221; text_text_color=&#8221;#F7F7F7&#8243; text_font_size=&#8221;1.5em&#8221; text_line_height=&#8221;1.6em&#8221; link_text_color=&#8221;#F7F7F7&#8243; positioning=&#8221;absolute&#8221; position_origin_a=&#8221;center_right&#8221; position_origin_a_tablet=&#8221;&#8221; position_origin_a_phone=&#8221;&#8221; position_origin_a_last_edited=&#8221;on|desktop&#8221; position_origin_f_tablet=&#8221;&#8221; position_origin_f_phone=&#8221;&#8221; position_origin_f_last_edited=&#8221;on|desktop&#8221; position_origin_r_tablet=&#8221;&#8221; position_origin_r_phone=&#8221;&#8221; position_origin_r_last_edited=&#8221;on|desktop&#8221; text_orientation=&#8221;right&#8221; width_phone=&#8221;100%&#8221; width_last_edited=&#8221;off|desktop&#8221; animation_style=&#8221;fade&#8221; text_font_size_tablet=&#8221;&#8221; text_font_size_phone=&#8221;1.2em&#8221; text_font_size_last_edited=&#8221;on|phone&#8221; positioning_tablet=&#8221;relative&#8221; positioning_phone=&#8221;relative&#8221; positioning_last_edited=&#8221;on|phone&#8221; text_orientation_tablet=&#8221;center&#8221; text_orientation_phone=&#8221;center&#8221; text_orientation_last_edited=&#8221;on|phone&#8221; global_colors_info=&#8221;{}&#8221;]<\/p>\n<p style=\"text-align: right;\">LOOP STORE SP. Z O.O.<\/p>\n<p style=\"text-align: right;\">ul. Obroki 130,40-833 Katowice<\/p>\n<p style=\"text-align: right;\"><a href=\"mailto:info@loopstore.eu\">info@loopstore.eu<\/a><\/p>\n<p style=\"text-align: right;\"><a href=\"tel:+48793717188\">+48 793 717 188<\/a><\/p>\n<p>&nbsp;<\/p>\n<p>[\/et_pb_text][et_pb_image src=&#8221;https:\/\/loopstore.eu\/self-service\/wp-content\/uploads\/sites\/2\/2021\/12\/Loopstore-Kontakt-Mobile-1.png&#8221; title_text=&#8221;Loopstore-Kontakt-Mobile-1&#8243; show_bottom_space=&#8221;off&#8221; disabled_on=&#8221;off|off|on&#8221; _builder_version=&#8221;4.19.5&#8243; _module_preset=&#8221;default&#8221; custom_margin=&#8221;0px||-23px||false|false&#8221; custom_padding=&#8221;0px|0px|0px|0px|false|false&#8221; hover_enabled=&#8221;0&#8243; global_colors_info=&#8221;{}&#8221; alt=&#8221;Zapraszamy Do Kontaktu Z Firm\u0105 LoopStore&#8221; sticky_enabled=&#8221;0&#8243;][\/et_pb_image][\/et_pb_column][et_pb_column type=&#8221;2_5&#8243; _builder_version=&#8221;4.16&#8243; _module_preset=&#8221;default&#8221; global_colors_info=&#8221;{}&#8221;][et_pb_contact_form use_spam_service=&#8221;on&#8221; recaptcha_list=&#8221;loopstore|loopstore-0&#8243; email=&#8221;info@loopstore.eu&#8221; custom_message=&#8221;WIADOMO\u015a\u0106 Z FORMULARZA LOOPSTORE.EU\/ROZWIAZANIA-KOMERCYJNE:||et_pb_line_break_holder||||et_pb_line_break_holder||Nadawca: %%Name%%||et_pb_line_break_holder||Nazwa firmy: %%Company%%||et_pb_line_break_holder||Adres mailowy: %%Email%%||et_pb_line_break_holder||Telefon: %%Phone%%||et_pb_line_break_holder||||et_pb_line_break_holder||Tre\u015b\u0107 wiadomo\u015b\u0107i:||et_pb_line_break_holder||%%Message%%||et_pb_line_break_holder||&#8221; use_redirect=&#8221;on&#8221; redirect_url=&#8221;https:\/\/loopstore.eu\/self-service\/thank-you\/&#8221; success_message=&#8221;Wiadomo\u015b\u0107 wys\u0142ana. Dzi\u0119kujemy. Skontaktujemy si\u0119 z Tob\u0105 wkr\u00f3tce.&#8221; submit_button_text=&#8221;Wyslij&#8221; _builder_version=&#8221;4.19.5&#8243; _module_preset=&#8221;default&#8221; _unique_id=&#8221;b8f92c53-ac70-4172-bc33-3e57473e65a7&#8243; form_field_background_color=&#8221;#F7F7F7&#8243; form_field_focus_background_color=&#8221;#75ce8a&#8221; captcha_text_color=&#8221;#303030&#8243; form_field_font=&#8221;|300|||||||&#8221; form_field_font_size=&#8221;1.2em&#8221; custom_button=&#8221;on&#8221; button_text_color=&#8221;#303030&#8243; button_bg_color=&#8221;#44CF6C&#8221; button_border_width=&#8221;0px&#8221; button_border_radius=&#8221;0px&#8221; button_font=&#8221;||||||||&#8221; button_use_icon=&#8221;off&#8221; text_orientation=&#8221;center&#8221; global_colors_info=&#8221;{}&#8221; button_text_color__hover_enabled=&#8221;on|hover&#8221; button_text_color__hover=&#8221;#F7F7F7&#8243; custom_css_contact_button__hover_enabled=&#8221;on|desktop&#8221; custom_css_contact_button__hover=&#8221; box-shadow: 0 8px 0 0 #ffffff !important;&#8221;][et_pb_contact_field field_id=&#8221;Name&#8221; field_title=&#8221;Imi\u0119 i Nazwisko&#8221; required_mark=&#8221;off&#8221; fullwidth_field=&#8221;on&#8221; _builder_version=&#8221;4.16&#8243; global_colors_info=&#8221;{}&#8221; button_text_size__hover_enabled=&#8221;off&#8221; button_one_text_size__hover_enabled=&#8221;off&#8221; button_two_text_size__hover_enabled=&#8221;off&#8221; button_text_color__hover_enabled=&#8221;off&#8221; button_one_text_color__hover_enabled=&#8221;off&#8221; button_two_text_color__hover_enabled=&#8221;off&#8221; button_border_width__hover_enabled=&#8221;off&#8221; button_one_border_width__hover_enabled=&#8221;off&#8221; button_two_border_width__hover_enabled=&#8221;off&#8221; button_border_color__hover_enabled=&#8221;off&#8221; button_one_border_color__hover_enabled=&#8221;off&#8221; button_two_border_color__hover_enabled=&#8221;off&#8221; button_border_radius__hover_enabled=&#8221;off&#8221; button_one_border_radius__hover_enabled=&#8221;off&#8221; button_two_border_radius__hover_enabled=&#8221;off&#8221; button_letter_spacing__hover_enabled=&#8221;off&#8221; button_one_letter_spacing__hover_enabled=&#8221;off&#8221; button_two_letter_spacing__hover_enabled=&#8221;off&#8221; button_bg_color__hover_enabled=&#8221;off&#8221; button_one_bg_color__hover_enabled=&#8221;off&#8221; button_two_bg_color__hover_enabled=&#8221;off&#8221;][\/et_pb_contact_field][et_pb_contact_field field_id=&#8221;Email&#8221; field_title=&#8221;Adres e-mail&#8221; field_type=&#8221;email&#8221; fullwidth_field=&#8221;on&#8221; _builder_version=&#8221;4.16&#8243; global_colors_info=&#8221;{}&#8221; button_text_size__hover_enabled=&#8221;off&#8221; button_one_text_size__hover_enabled=&#8221;off&#8221; button_two_text_size__hover_enabled=&#8221;off&#8221; button_text_color__hover_enabled=&#8221;off&#8221; button_one_text_color__hover_enabled=&#8221;off&#8221; button_two_text_color__hover_enabled=&#8221;off&#8221; button_border_width__hover_enabled=&#8221;off&#8221; button_one_border_width__hover_enabled=&#8221;off&#8221; button_two_border_width__hover_enabled=&#8221;off&#8221; button_border_color__hover_enabled=&#8221;off&#8221; button_one_border_color__hover_enabled=&#8221;off&#8221; button_two_border_color__hover_enabled=&#8221;off&#8221; button_border_radius__hover_enabled=&#8221;off&#8221; button_one_border_radius__hover_enabled=&#8221;off&#8221; button_two_border_radius__hover_enabled=&#8221;off&#8221; button_letter_spacing__hover_enabled=&#8221;off&#8221; button_one_letter_spacing__hover_enabled=&#8221;off&#8221; button_two_letter_spacing__hover_enabled=&#8221;off&#8221; button_bg_color__hover_enabled=&#8221;off&#8221; button_one_bg_color__hover_enabled=&#8221;off&#8221; button_two_bg_color__hover_enabled=&#8221;off&#8221;][\/et_pb_contact_field][et_pb_contact_field field_id=&#8221;Phone&#8221; field_title=&#8221;Telefon kontaktowy&#8221; fullwidth_field=&#8221;on&#8221; _builder_version=&#8221;4.16&#8243; _module_preset=&#8221;default&#8221; global_colors_info=&#8221;{}&#8221;][\/et_pb_contact_field][et_pb_contact_field field_id=&#8221;Message&#8221; field_title=&#8221;Wiadomo\u015b\u0107&#8221; field_type=&#8221;text&#8221; fullwidth_field=&#8221;on&#8221; _builder_version=&#8221;4.19.5&#8243; global_colors_info=&#8221;{}&#8221; button_text_size__hover_enabled=&#8221;off&#8221; button_one_text_size__hover_enabled=&#8221;off&#8221; button_two_text_size__hover_enabled=&#8221;off&#8221; button_text_color__hover_enabled=&#8221;off&#8221; button_one_text_color__hover_enabled=&#8221;off&#8221; button_two_text_color__hover_enabled=&#8221;off&#8221; button_border_width__hover_enabled=&#8221;off&#8221; button_one_border_width__hover_enabled=&#8221;off&#8221; button_two_border_width__hover_enabled=&#8221;off&#8221; button_border_color__hover_enabled=&#8221;off&#8221; button_one_border_color__hover_enabled=&#8221;off&#8221; button_two_border_color__hover_enabled=&#8221;off&#8221; button_border_radius__hover_enabled=&#8221;off&#8221; button_one_border_radius__hover_enabled=&#8221;off&#8221; button_two_border_radius__hover_enabled=&#8221;off&#8221; button_letter_spacing__hover_enabled=&#8221;off&#8221; button_one_letter_spacing__hover_enabled=&#8221;off&#8221; button_two_letter_spacing__hover_enabled=&#8221;off&#8221; button_bg_color__hover_enabled=&#8221;off&#8221; button_one_bg_color__hover_enabled=&#8221;off&#8221; button_two_bg_color__hover_enabled=&#8221;off&#8221;][\/et_pb_contact_field][\/et_pb_contact_form][et_pb_text _builder_version=&#8221;4.16&#8243; _module_preset=&#8221;default&#8221; link_text_color=&#8221;#44CF6C&#8221; link_text_color_tablet=&#8221;&#8221; link_text_color_phone=&#8221;#54FF85&#8243; link_text_color_last_edited=&#8221;on|phone&#8221; text_orientation_tablet=&#8221;&#8221; text_orientation_phone=&#8221;center&#8221; text_orientation_last_edited=&#8221;on|phone&#8221; global_colors_info=&#8221;{}&#8221;]<\/p>\n<p>Zapoznaj si\u0119 z nasz\u0105 <a href=\"https:\/\/loopstore.eu\/polityka-prywatnosci\" target=\"_blank\" rel=\"noopener\">Polityk\u0105 Prywatno\u015bci.\u00a0<\/a><\/p>\n<p>[\/et_pb_text][\/et_pb_column][\/et_pb_row][et_pb_row make_equal=&#8221;on&#8221; _builder_version=&#8221;4.16&#8243; _module_preset=&#8221;default&#8221; use_background_color_gradient=&#8221;on&#8221; background_color_gradient_direction=&#8221;-45deg&#8221; background_color_gradient_stops=&#8221;#f7f7f7 44%|rgba(41,196,169,0) 100%&#8221; background_color_gradient_start=&#8221;#f7f7f7&#8243; background_color_gradient_start_position=&#8221;44%&#8221; background_color_gradient_end=&#8221;rgba(41,196,169,0)&#8221; width=&#8221;100%&#8221; max_width=&#8221;2560px&#8221; module_alignment=&#8221;center&#8221; min_height_tablet=&#8221;&#8221; min_height_phone=&#8221;&#8221; min_height_last_edited=&#8221;on|desktop&#8221; height_tablet=&#8221;&#8221; height_phone=&#8221;&#8221; height_last_edited=&#8221;on|desktop&#8221; custom_margin=&#8221;0px|0px|0px|0px|false|false&#8221; custom_padding=&#8221;0px|0px|0px|0px|false|false&#8221; filter_brightness=&#8221;136%&#8221; mix_blend_mode=&#8221;luminosity&#8221; background_last_edited=&#8221;on|phone&#8221; use_background_color_gradient_phone=&#8221;on&#8221; background_color_gradient_direction_phone=&#8221;180deg&#8221; background_color_gradient_stops_phone=&#8221;#f7f7f7 0%|#ffffff 75%&#8221; background_color_gradient_start_position_phone=&#8221;0%&#8221; background_color_gradient_end_phone=&#8221;#ffffff&#8221; background_color_gradient_end_position_phone=&#8221;75%&#8221; global_colors_info=&#8221;{}&#8221;][et_pb_column type=&#8221;4_4&#8243; _builder_version=&#8221;4.16&#8243; _module_preset=&#8221;default&#8221; global_colors_info=&#8221;{}&#8221;][et_pb_text _builder_version=&#8221;4.16&#8243; _module_preset=&#8221;default&#8221; custom_margin=&#8221;0px||0px||false|false&#8221; custom_padding=&#8221;0px||0px||false|false&#8221; filter_hue_rotate=&#8221;232deg&#8221; filter_brightness=&#8221;68%&#8221; global_colors_info=&#8221;{}&#8221;]<\/p>\n<div class=\"mapouter\">\n<div class=\"gmap_canvas\">\n<p><iframe loading=\"lazy\" width=\"1920\" height=\"500\" id=\"gmap_canvas\" src=\"https:\/\/maps.google.com\/maps?q=obroki%20130,%20katowice&amp;t=&amp;z=13&amp;ie=UTF8&amp;iwloc=&amp;output=embed\" frameborder=\"0\" scrolling=\"no\" marginheight=\"0\" marginwidth=\"0\"><\/iframe><a href=\"https:\/\/putlocker-is.org\"><\/a><\/p>\n<p><a href=\"https:\/\/www.embedgooglemap.net\"><\/a><\/p>\n<\/div>\n<\/div>\n<p>[\/et_pb_text][\/et_pb_column][\/et_pb_row][\/et_pb_section]<\/p>\n","protected":false},"excerpt":{"rendered":"<p>B\u0104D\u0179MY W KONTAKCIELOOP STORE SP. Z O.O. ul. Obroki 130,40-833 Katowice info@loopstore.eu +48 793 717 188 &nbsp;Zapoznaj si\u0119 z nasz\u0105 Polityk\u0105 Prywatno\u015bci.\u00a0<\/p>\n","protected":false},"author":1,"featured_media":0,"parent":0,"menu_order":0,"comment_status":"closed","ping_status":"closed","template":"","meta":{"_et_pb_use_builder":"on","_et_pb_old_content":"<!-- wp:divi\/placeholder \/-->","_et_gb_content_width":"","inline_featured_image":false,"footnotes":""},"_links":{"self":[{"href":"https:\/\/loopstore.eu\/self-service\/wp-json\/wp\/v2\/pages\/471"}],"collection":[{"href":"https:\/\/loopstore.eu\/self-service\/wp-json\/wp\/v2\/pages"}],"about":[{"href":"https:\/\/loopstore.eu\/self-service\/wp-json\/wp\/v2\/types\/page"}],"author":[{"embeddable":true,"href":"https:\/\/loopstore.eu\/self-service\/wp-json\/wp\/v2\/users\/1"}],"replies":[{"embeddable":true,"href":"https:\/\/loopstore.eu\/self-service\/wp-json\/wp\/v2\/comments?post=471"}],"version-history":[{"count":24,"href":"https:\/\/loopstore.eu\/self-service\/wp-json\/wp\/v2\/pages\/471\/revisions"}],"predecessor-version":[{"id":1948,"href":"https:\/\/loopstore.eu\/self-service\/wp-json\/wp\/v2\/pages\/471\/revisions\/1948"}],"wp:attachment":[{"href":"https:\/\/loopstore.eu\/self-service\/wp-json\/wp\/v2\/media?parent=471"}],"curies":[{"name":"wp","href":"https:\/\/api.w.org\/{rel}","templated":true}]}}