{"id":1924,"date":"2022-09-02T10:17:52","date_gmt":"2022-09-02T08:17:52","guid":{"rendered":"https:\/\/loopstore.eu\/self-service\/?page_id=1924"},"modified":"2022-09-02T10:41:10","modified_gmt":"2022-09-02T08:41:10","slug":"thank-you","status":"publish","type":"page","link":"https:\/\/loopstore.eu\/self-service\/en\/thank-you\/","title":{"rendered":"Thank You"},"content":{"rendered":"<p>[et_pb_section fb_built=&#8221;1&#8243; _builder_version=&#8221;4.18.0&#8243; _module_preset=&#8221;default&#8221; background_color=&#8221;#303030&#8243; background_image=&#8221;https:\/\/loopstore.eu\/wp-content\/uploads\/2022\/01\/Loopstore-Branze-Komercja-Darmowa-Wycena.jpg&#8221; height=&#8221;100vh&#8221; custom_margin=&#8221;0px||0px||false|false&#8221; custom_padding=&#8221;0px||0px||false|false&#8221; hover_enabled=&#8221;0&#8243; custom_css_main_element=&#8221;height:100vh;&#8221; locked=&#8221;off&#8221; global_colors_info=&#8221;{}&#8221; sticky_enabled=&#8221;0&#8243;][et_pb_row make_equal=&#8221;on&#8221; _builder_version=&#8221;4.18.0&#8243; _module_preset=&#8221;default&#8221; background_color=&#8221;rgba(48,48,48,0.8)&#8221; background_enable_image=&#8221;off&#8221; background_size=&#8221;contain&#8221; background_position=&#8221;center_left&#8221; width=&#8221;100%&#8221; max_width=&#8221;2650px&#8221; height=&#8221;100%&#8221; custom_padding=&#8221;40px|5%|40px|5%|false|false&#8221; hover_enabled=&#8221;0&#8243; custom_css_main_element=&#8221;align-items:center;&#8221; global_colors_info=&#8221;{}&#8221; sticky_enabled=&#8221;0&#8243;][et_pb_column type=&#8221;4_4&#8243; _builder_version=&#8221;4.16&#8243; _module_preset=&#8221;default&#8221; global_colors_info=&#8221;{}&#8221;][et_pb_text _builder_version=&#8221;4.18.0&#8243; _module_preset=&#8221;default&#8221; text_text_color=&#8221;#F7F7F7&#8243; text_font_size=&#8221;2em&#8221; text_line_height=&#8221;1.4em&#8221; position_origin_f=&#8221;center_center&#8221; text_orientation=&#8221;center&#8221; custom_margin_tablet=&#8221;20%||||false|false&#8221; custom_margin_phone=&#8221;20%|20px||20px|false|false&#8221; custom_margin_last_edited=&#8221;on|tablet&#8221; custom_padding=&#8221;||||false|false&#8221; global_colors_info=&#8221;{}&#8221;]<\/p>\n<p>Thank you for your message. We will contact you soon.<\/p>\n<p>[\/et_pb_text][et_pb_button button_url=&#8221;@ET-DC@eyJkeW5hbWljIjp0cnVlLCJjb250ZW50IjoicG9zdF9saW5rX3VybF9wYWdlIiwic2V0dGluZ3MiOnsicG9zdF9pZCI6IjUxOCJ9fQ==@&#8221; button_text=&#8221;POWR\u00d3T NA STRON\u0118 G\u0141\u00d3WN\u0104&#8221; button_alignment=&#8221;center&#8221; button_alignment_tablet=&#8221;center&#8221; button_alignment_phone=&#8221;center&#8221; button_alignment_last_edited=&#8221;on|tablet&#8221; _builder_version=&#8221;4.18.0&#8243; _dynamic_attributes=&#8221;button_url&#8221; _module_preset=&#8221;default&#8221; custom_button=&#8221;on&#8221; button_text_size=&#8221;1.5em&#8221; button_text_color=&#8221;#303030&#8243; button_bg_color=&#8221;#44CF6C&#8221; button_border_width=&#8221;0px&#8221; button_border_radius=&#8221;0px&#8221; button_letter_spacing=&#8221;0px&#8221; button_font=&#8221;|600|||||||&#8221; button_use_icon=&#8221;off&#8221; position_origin_a=&#8221;bottom_left&#8221; position_origin_f=&#8221;bottom_center&#8221; vertical_offset=&#8221;100px&#8221; position_origin_a_last_edited=&#8221;off|desktop&#8221; position_origin_f_last_edited=&#8221;off|desktop&#8221; position_origin_r_last_edited=&#8221;off|desktop&#8221; custom_margin=&#8221;||10%||false|false&#8221; animation_style=&#8221;slide&#8221; animation_direction=&#8221;left&#8221; animation_delay=&#8221;200ms&#8221; animation_intensity_slide=&#8221;3%&#8221; button_text_size_phone=&#8221;1.2em&#8221; button_text_size_last_edited=&#8221;off|phone&#8221; button_text_color_tablet=&#8221;#F7F7F7&#8243; button_text_color_phone=&#8221;#303030&#8243; button_text_color_last_edited=&#8221;on|desktop&#8221; button_bg_color_tablet=&#8221;#303030&#8243; button_bg_color_phone=&#8221;#F7F7F7&#8243; button_bg_color_last_edited=&#8221;off|phone&#8221; button_bg_enable_color_phone=&#8221;on&#8221; positioning_phone=&#8221;none&#8221; positioning_last_edited=&#8221;off|desktop&#8221; custom_css_main_element=&#8221; &#8221; locked=&#8221;off&#8221; global_colors_info=&#8221;{}&#8221; button_text_color__hover=&#8221;#F7F7F7&#8243; button_text_color__hover_enabled=&#8221;on|hover&#8221; custom_css_main_element__hover_enabled=&#8221;on|desktop&#8221; custom_css_main_element__hover=&#8221; box-shadow: 0 5px 0 0 #fffff !important;&#8221; custom_css_main_element_last_edited=&#8221;on|desktop&#8221; custom_css_main_element_phone=&#8221;width:100%;&#8221; custom_css_main_element_tablet=&#8221;width:100%;&#8221;][\/et_pb_button][\/et_pb_column][\/et_pb_row][\/et_pb_section]<\/p>","protected":false},"excerpt":{"rendered":"<p>Thank you for your message. We will contact you soon.<\/p>","protected":false},"author":1,"featured_media":0,"parent":0,"menu_order":0,"comment_status":"closed","ping_status":"closed","template":"","meta":{"_et_pb_use_builder":"on","_et_pb_old_content":"","_et_gb_content_width":"","inline_featured_image":false,"footnotes":""},"_links":{"self":[{"href":"https:\/\/loopstore.eu\/self-service\/en\/wp-json\/wp\/v2\/pages\/1924"}],"collection":[{"href":"https:\/\/loopstore.eu\/self-service\/en\/wp-json\/wp\/v2\/pages"}],"about":[{"href":"https:\/\/loopstore.eu\/self-service\/en\/wp-json\/wp\/v2\/types\/page"}],"author":[{"embeddable":true,"href":"https:\/\/loopstore.eu\/self-service\/en\/wp-json\/wp\/v2\/users\/1"}],"replies":[{"embeddable":true,"href":"https:\/\/loopstore.eu\/self-service\/en\/wp-json\/wp\/v2\/comments?post=1924"}],"version-history":[{"count":5,"href":"https:\/\/loopstore.eu\/self-service\/en\/wp-json\/wp\/v2\/pages\/1924\/revisions"}],"predecessor-version":[{"id":1932,"href":"https:\/\/loopstore.eu\/self-service\/en\/wp-json\/wp\/v2\/pages\/1924\/revisions\/1932"}],"wp:attachment":[{"href":"https:\/\/loopstore.eu\/self-service\/en\/wp-json\/wp\/v2\/media?parent=1924"}],"curies":[{"name":"wp","href":"https:\/\/api.w.org\/{rel}","templated":true}]}}