{"id":33,"date":"2021-12-10T10:24:40","date_gmt":"2021-12-10T09:24:40","guid":{"rendered":"http:\/\/loopstore.eu\/rozwiazania-logistyczne\/?page_id=33"},"modified":"2023-09-22T14:41:31","modified_gmt":"2023-09-22T12:41:31","slug":"branze","status":"publish","type":"page","link":"https:\/\/loopstore.eu\/intralogistics\/en\/branches\/","title":{"rendered":"branches"},"content":{"rendered":"<p>[et_pb_section fb_built=&#8221;1&#8243; _builder_version=&#8221;4.22.2&#8243; _module_preset=&#8221;default&#8221; background_color=&#8221;#303030&#8243; background_color_gradient_direction=&#8221;45deg&#8221; background_enable_image=&#8221;off&#8221; module_alignment=&#8221;center&#8221; min_height_last_edited=&#8221;off|desktop&#8221; height_last_edited=&#8221;off|desktop&#8221; custom_margin=&#8221;0px|0px|0px|0px|false|false&#8221; custom_padding=&#8221;0px|0px|0px|0px|false|false&#8221; hover_enabled=&#8221;0&#8243; background_last_edited=&#8221;on|desktop&#8221; background_enable_image_tablet=&#8221;off&#8221; background_enable_image_phone=&#8221;off&#8221; custom_css_main_element=&#8221;||&#8221; locked=&#8221;off&#8221; global_colors_info=&#8221;{}&#8221; sticky_enabled=&#8221;0&#8243;][et_pb_row make_equal=&#8221;on&#8221; custom_padding_last_edited=&#8221;on|phone&#8221; _builder_version=&#8221;4.16&#8243; _module_preset=&#8221;default&#8221; background_color_gradient_direction=&#8221;45deg&#8221; background_enable_image=&#8221;off&#8221; background_size=&#8221;contain&#8221; background_position=&#8221;center_right&#8221; width=&#8221;100%&#8221; max_width=&#8221;2560px&#8221; min_height=&#8221;100vh&#8221; min_height_tablet=&#8221;&#8221; min_height_phone=&#8221;&#8221; min_height_last_edited=&#8221;on|tablet&#8221; custom_margin=&#8221;0px|0px|0px|0px|false|false&#8221; custom_padding=&#8221;0px|0%|0px|0%|false|false&#8221; custom_padding_tablet=&#8221;|0%||0%|false|false&#8221; custom_padding_phone=&#8221;0px|0%|0px|0%|false|false&#8221; animation_style=&#8221;fade&#8221; background_last_edited=&#8221;on|tablet&#8221; background_enable_image_tablet=&#8221;off&#8221; module_alignment_tablet=&#8221;center&#8221; module_alignment_last_edited=&#8221;off|desktop&#8221; custom_css_main_element=&#8221;background-position: 200%;||background-size: 80%;&#8221; global_colors_info=&#8221;{}&#8221;][et_pb_column type=&#8221;4_4&#8243; _builder_version=&#8221;4.16&#8243; _module_preset=&#8221;default&#8221; global_colors_info=&#8221;{}&#8221;][et_pb_text _builder_version=&#8221;4.16&#8243; _module_preset=&#8221;default&#8221; header_font=&#8221;|300||on|||||&#8221; header_text_align=&#8221;left&#8221; header_text_color=&#8221;#FACA30&#8243; header_font_size=&#8221;4em&#8221; header_2_font=&#8221;|800||on|||||&#8221; header_2_text_align=&#8221;left&#8221; header_2_text_color=&#8221;#44CF6C&#8221; header_2_font_size=&#8221;4em&#8221; custom_margin=&#8221;40px||||false|false&#8221; custom_padding=&#8221;|10%||10%|false|false&#8221; custom_padding_tablet=&#8221;|10%||10%|false|false&#8221; custom_padding_phone=&#8221;|10%||10%|false|false&#8221; custom_padding_last_edited=&#8221;on|tablet&#8221; animation_style=&#8221;slide&#8221; animation_direction=&#8221;bottom&#8221; animation_intensity_slide=&#8221;5%&#8221; animation_speed_curve=&#8221;ease&#8221; header_font_size_tablet=&#8221;2em&#8221; header_font_size_phone=&#8221;2em&#8221; header_font_size_last_edited=&#8221;on|tablet&#8221; header_2_text_align_tablet=&#8221;&#8221; header_2_text_align_phone=&#8221;left&#8221; header_2_text_align_last_edited=&#8221;on|phone&#8221; header_2_font_size_tablet=&#8221;&#8221; header_2_font_size_phone=&#8221;2em&#8221; header_2_font_size_last_edited=&#8221;on|phone&#8221; global_colors_info=&#8221;{}&#8221; header_2_2_font_size_phone=&#8221;2em&#8221; header_3_2_font_size_phone=&#8221;2em&#8221; header_4_2_font_size_phone=&#8221;2em&#8221; header_5_2_font_size_phone=&#8221;2em&#8221; header_6_2_font_size_phone=&#8221;2em&#8221; header_2_2_font_size_last_edited=&#8221;on|phone&#8221; header_3_2_font_size_last_edited=&#8221;on|phone&#8221; header_4_2_font_size_last_edited=&#8221;on|phone&#8221; header_5_2_font_size_last_edited=&#8221;on|phone&#8221; header_6_2_font_size_last_edited=&#8221;on|phone&#8221;]<\/p>\n<h1 style=\"text-align: center\" class=\"translation-block\"><strong>WE WILL ADJUST SOLUTION <\/strong>TO YOUR NEEDS<\/h1>\n<p>[\/et_pb_text][et_pb_image src=&#8221;https:\/\/loopstore.eu\/intralogistics\/wp-content\/uploads\/sites\/3\/2023\/09\/Loopstore-Rozwiazania-Dla-Wielu-Branz-Sektora-Logistycznego-3.jpg&#8221; alt=&#8221;Bran\u017ce I Obiekty Logistyczne W Kt\u00f3rych Zastosowanie Znajd\u0105 Produkty Firmy LoopStore&#8221; title_text=&#8221;Loopstore-Rozwiazania-Dla-Wielu-Branz-Sektora-Logistycznego-3&#8243; align=&#8221;center&#8221; force_fullwidth=&#8221;on&#8221; disabled_on=&#8221;on|on|off&#8221; _builder_version=&#8221;4.22.2&#8243; _module_preset=&#8221;default&#8221; custom_margin=&#8221;0px||0px||false|false&#8221; custom_padding=&#8221;0px||0px||false|false&#8221; hover_enabled=&#8221;0&#8243; global_colors_info=&#8221;{}&#8221; sticky_enabled=&#8221;0&#8243;][\/et_pb_image][et_pb_image src=&#8221;https:\/\/loopstore.eu\/intralogistics\/wp-content\/uploads\/sites\/3\/2023\/09\/Loopstore-Rozwiazania-Dla-Wielu-Branz-Sektora-Logistycznego-Mobile-2.jpg&#8221; alt=&#8221;Bran\u017ce I Obiekty Logistyczne W Kt\u00f3rych Zastosowanie Znajd\u0105 Produkty Firmy LoopStore&#8221; title_text=&#8221;Loopstore-Rozwiazania-Dla-Wielu-Branz-Sektora-Logistycznego-Mobile-2&#8243; align=&#8221;center&#8221; force_fullwidth=&#8221;on&#8221; disabled_on=&#8221;off|off|on&#8221; _builder_version=&#8221;4.22.2&#8243; _module_preset=&#8221;default&#8221; custom_margin=&#8221;0px||0px||false|false&#8221; custom_padding=&#8221;0px||0px|0px|false|false&#8221; hover_enabled=&#8221;0&#8243; global_colors_info=&#8221;{}&#8221; sticky_enabled=&#8221;0&#8243;][\/et_pb_image][\/et_pb_column][\/et_pb_row][\/et_pb_section][et_pb_section fb_built=&#8221;1&#8243; module_class=&#8221;pg-parallax-cover&#8221; _builder_version=&#8221;4.22.2&#8243; _module_preset=&#8221;default&#8221; background_enable_color=&#8221;off&#8221; background_color_gradient_direction=&#8221;45deg&#8221; background_image=&#8221;https:\/\/loopstore.eu\/intralogistics\/wp-content\/uploads\/sites\/3\/2023\/09\/Loopstore-Branze-CTA.webp&#8221; parallax=&#8221;on&#8221; parallax_method=&#8221;off&#8221; min_height_tablet=&#8221;20vh&#8221; min_height_phone=&#8221;20vh&#8221; min_height_last_edited=&#8221;on|tablet&#8221; height=&#8221;40vh&#8221; height_tablet=&#8221;&#8221; height_phone=&#8221;&#8221; height_last_edited=&#8221;on|tablet&#8221; custom_margin=&#8221;0px|0px|0px|0px|false|false&#8221; custom_padding=&#8221;0px|0px|0px|0px|false|false&#8221; hover_enabled=&#8221;0&#8243; background_last_edited=&#8221;off|phone&#8221; background_image_tablet=&#8221;http:\/\/loopstore.eu\/rozwiazania-komercyjne\/wp-content\/uploads\/sites\/2\/2021\/09\/Loopstore-Branze-Komercja-Darmowa-Wycena-Mobile.jpg&#8221; background_enable_image_tablet=&#8221;on&#8221; custom_css_main_element=&#8221;||&#8221; locked=&#8221;off&#8221; global_colors_info=&#8221;{}&#8221; title_text=&#8221;Loopstore-Bran\u017ce-CTA&#8221; sticky_enabled=&#8221;0&#8243;][et_pb_row make_equal=&#8221;on&#8221; _builder_version=&#8221;4.16&#8243; _module_preset=&#8221;default&#8221; background_enable_color=&#8221;off&#8221; background_color_gradient_direction=&#8221;45deg&#8221; width=&#8221;100%&#8221; max_width=&#8221;2560px&#8221; module_alignment=&#8221;center&#8221; min_height=&#8221;100%&#8221; min_height_tablet=&#8221;20vh&#8221; min_height_phone=&#8221;20vh&#8221; min_height_last_edited=&#8221;on|tablet&#8221; height=&#8221;100%&#8221; custom_margin=&#8221;0px|0px|0px|0px|false|false&#8221; custom_padding=&#8221;20px|10%|20px|10%|false|false&#8221; background_last_edited=&#8221;on|phone&#8221; background_color_gradient_direction_phone=&#8221;135deg&#8221; module_alignment_tablet=&#8221;center&#8221; module_alignment_last_edited=&#8221;off|desktop&#8221; custom_css_main_element=&#8221;display: flex;||flex-direction: column;||justify-content: center;&#8221; global_colors_info=&#8221;{}&#8221;][et_pb_column type=&#8221;4_4&#8243; _builder_version=&#8221;4.16&#8243; _module_preset=&#8221;default&#8221; global_colors_info=&#8221;{}&#8221;][et_pb_button button_url=&#8221;@ET-DC@eyJkeW5hbWljIjp0cnVlLCJjb250ZW50IjoicG9zdF9saW5rX3VybF9wYWdlIiwic2V0dGluZ3MiOnsicG9zdF9pZCI6IjMxIn19@&#8221; button_text=&#8221;DARMOWA WYCENA&#8221; button_alignment=&#8221;center&#8221; _builder_version=&#8221;4.16&#8243; _dynamic_attributes=&#8221;button_url&#8221; _module_preset=&#8221;default&#8221; custom_button=&#8221;on&#8221; button_text_size=&#8221;25px&#8221; button_text_color=&#8221;#F7F7F7&#8243; button_bg_color=&#8221;#303030&#8243; button_border_width=&#8221;0px&#8221; button_border_radius=&#8221;0px&#8221; button_letter_spacing=&#8221;0px&#8221; button_use_icon=&#8221;off&#8221; position_origin_a=&#8221;center_center&#8221; position_origin_a_last_edited=&#8221;off|desktop&#8221; position_origin_f_last_edited=&#8221;off|desktop&#8221; position_origin_r_last_edited=&#8221;off|desktop&#8221; button_text_size_tablet=&#8221;&#8221; button_text_size_phone=&#8221;20px&#8221; button_text_size_last_edited=&#8221;on|phone&#8221; button_bg_color_phone=&#8221;rgba(247,247,247,0.9)&#8221; button_bg_color_last_edited=&#8221;off|phone&#8221; button_bg_enable_color_phone=&#8221;on&#8221; positioning_phone=&#8221;none&#8221; positioning_last_edited=&#8221;off|desktop&#8221; global_colors_info=&#8221;{}&#8221; button_text_color__hover_enabled=&#8221;on|hover&#8221; button_text_color__hover=&#8221;#FACA30&#8243; custom_css_main_element__hover_enabled=&#8221;on|hover&#8221; custom_css_main_element__hover=&#8221; box-shadow: 0 8px 0 0 #faca30 !important;&#8221; button_bg_color__hover_enabled=&#8221;off|desktop&#8221;][\/et_pb_button][\/et_pb_column][\/et_pb_row][\/et_pb_section]<\/p>","protected":false},"excerpt":{"rendered":"<p class=\"translation-block\"><strong>WE WILL ADJUST SOLUTION <\/strong>TO YOUR NEEDS<\/p>","protected":false},"author":1,"featured_media":0,"parent":0,"menu_order":0,"comment_status":"closed","ping_status":"closed","template":"","meta":{"_et_pb_use_builder":"on","_et_pb_old_content":"<!-- wp:divi\/placeholder \/-->","_et_gb_content_width":"","inline_featured_image":false,"footnotes":""},"_links":{"self":[{"href":"https:\/\/loopstore.eu\/intralogistics\/en\/wp-json\/wp\/v2\/pages\/33"}],"collection":[{"href":"https:\/\/loopstore.eu\/intralogistics\/en\/wp-json\/wp\/v2\/pages"}],"about":[{"href":"https:\/\/loopstore.eu\/intralogistics\/en\/wp-json\/wp\/v2\/types\/page"}],"author":[{"embeddable":true,"href":"https:\/\/loopstore.eu\/intralogistics\/en\/wp-json\/wp\/v2\/users\/1"}],"replies":[{"embeddable":true,"href":"https:\/\/loopstore.eu\/intralogistics\/en\/wp-json\/wp\/v2\/comments?post=33"}],"version-history":[{"count":11,"href":"https:\/\/loopstore.eu\/intralogistics\/en\/wp-json\/wp\/v2\/pages\/33\/revisions"}],"predecessor-version":[{"id":1353,"href":"https:\/\/loopstore.eu\/intralogistics\/en\/wp-json\/wp\/v2\/pages\/33\/revisions\/1353"}],"wp:attachment":[{"href":"https:\/\/loopstore.eu\/intralogistics\/en\/wp-json\/wp\/v2\/media?parent=33"}],"curies":[{"name":"wp","href":"https:\/\/api.w.org\/{rel}","templated":true}]}}